{"id":35,"date":"2018-02-04T09:36:23","date_gmt":"2018-02-04T09:36:23","guid":{"rendered":"http:\/\/praxis-meis.de\/?page_id=35"},"modified":"2023-06-27T15:11:14","modified_gmt":"2023-06-27T14:11:14","slug":"sprechzeiten","status":"publish","type":"page","link":"https:\/\/praxis-meis.de\/?page_id=35","title":{"rendered":"Sprechzeiten"},"content":{"rendered":"<p><span style=\"color: #ff0000;\"><strong>Unsere aktuellen Sprechzeiten:<\/strong><br \/>\n<\/span><\/p>\n<p>Montag 8.30-11.00 Uhr und 15.00-18.00 Uhr<br \/>\nDienstag 8.00-11.00 Uhr und 14.00-16.30 Uhr<br \/>\nMittwoch 7.30-11.00 Uhr<br \/>\nDonnerstag 8.00-11.00 Uhr und 14.00-16.30 Uhr<br \/>\nFreitag 7.30-11.00 Uhr<\/p>\n<p>und nach Vereinbarung<\/p>\n<p>F\u00fcr Rezepte und \u00dcberweisungen ist keine telefonische Voranmeldung erforderlich. Kommen Sie zu den oben genannten Sprechzeiten bei uns vorbei.<\/p>\n<p><span style=\"color: #ff0000;\">Telefonisch sind wir zu folgenden Zeiten erreichbar:<\/span><\/p>\n<p>Montag 9.00-11.00 Uhr und 15.30-17.30 Uhr<br \/>\nDienstag 8.30-11.00 Uhr und 14.30-16.30 Uhr<br \/>\nMittwoch 8.00-11.00 Uhr<br \/>\nDonnerstag 8.30-11.00 Uhr und 14.30-16.30 Uhr<br \/>\nFreitag 8.00-11.00 Uhr<\/p>\n<p><strong><span style=\"font-size: large;\">Wir arbeiten als Bestellpraxis mit fester Terminvergabe.<\/span><\/strong><\/p>\n<p><span style=\"font-size: large;\">Aufgrund zunehmender Terminknappheit sind wir darauf angewiesen, dass Sie nicht wahrgenommene Termine so fr\u00fch wie m\u00f6glich, <strong>sp\u00e4testens 24 Stunden vor dem Termin, <\/strong>gerne auch per Email unter kontakt@praxis-meis.de, absagen.<\/span><\/p>\n<p><strong><span style=\"font-size: large; color: #ff0000;\">Bitte haben Sie Verst\u00e4ndnis, dass nach zwei nicht wahrgenommenen und nicht abgesagten Terminen keine weitere Terminvergabe erfolgen kann.<\/span><\/strong><\/p>\n","protected":false},"excerpt":{"rendered":"<p>Unsere aktuellen Sprechzeiten: Montag 8.30-11.00 Uhr und 15.00-18.00 Uhr Dienstag 8.00-11.00 Uhr und 14.00-16.30 Uhr Mittwoch 7.30-11.00 Uhr Donnerstag 8.00-11.00 Uhr und 14.00-16.30 Uhr Freitag 7.30-11.00 Uhr und nach Vereinbarung F\u00fcr Rezepte und \u00dcberweisungen ist keine telefonische Voranmeldung erforderlich. Kommen Sie zu den oben genannten Sprechzeiten bei uns vorbei. Telefonisch sind wir zu folgenden Zeiten &hellip; <a href=\"https:\/\/praxis-meis.de\/?page_id=35\" class=\"more-link\"><span class=\"screen-reader-text\">Sprechzeiten<\/span> weiterlesen<\/a><\/p>\n","protected":false},"author":1,"featured_media":0,"parent":0,"menu_order":0,"comment_status":"closed","ping_status":"closed","template":"","meta":{"footnotes":""},"class_list":["post-35","page","type-page","status-publish","hentry"],"_links":{"self":[{"href":"https:\/\/praxis-meis.de\/index.php?rest_route=\/wp\/v2\/pages\/35","targetHints":{"allow":["GET"]}}],"collection":[{"href":"https:\/\/praxis-meis.de\/index.php?rest_route=\/wp\/v2\/pages"}],"about":[{"href":"https:\/\/praxis-meis.de\/index.php?rest_route=\/wp\/v2\/types\/page"}],"author":[{"embeddable":true,"href":"https:\/\/praxis-meis.de\/index.php?rest_route=\/wp\/v2\/users\/1"}],"replies":[{"embeddable":true,"href":"https:\/\/praxis-meis.de\/index.php?rest_route=%2Fwp%2Fv2%2Fcomments&post=35"}],"version-history":[{"count":14,"href":"https:\/\/praxis-meis.de\/index.php?rest_route=\/wp\/v2\/pages\/35\/revisions"}],"predecessor-version":[{"id":354,"href":"https:\/\/praxis-meis.de\/index.php?rest_route=\/wp\/v2\/pages\/35\/revisions\/354"}],"wp:attachment":[{"href":"https:\/\/praxis-meis.de\/index.php?rest_route=%2Fwp%2Fv2%2Fmedia&parent=35"}],"curies":[{"name":"wp","href":"https:\/\/api.w.org\/{rel}","templated":true}]}}