{"id":37,"date":"2018-02-04T09:36:23","date_gmt":"2018-02-04T09:36:23","guid":{"rendered":"http:\/\/praxis-meis.de\/?page_id=37"},"modified":"2018-06-01T14:39:47","modified_gmt":"2018-06-01T13:39:47","slug":"impressum","status":"publish","type":"page","link":"https:\/\/praxis-meis.de\/?page_id=37","title":{"rendered":"Impressum"},"content":{"rendered":"<p>Dr. med. Susanne Meis<br \/>\nFach\u00e4rztin f\u00fcr Frauenheilkunde und Geburtshilfe<br \/>\nBahnhofstra\u00dfe 7<br \/>\n73033 G\u00f6ppingen<\/p>\n<p>Telefon: 07161 \/ 72099<br \/>\nFax: 07161 \/ 72090<br \/>\nE-Mail: kontakt@praxis-meis.de<\/p>\n<p><em>Bitte beachten Sie, dass diese Emailadresse nicht zur \u00dcbermittlung pers\u00f6nlicher und medizinischer Daten gedacht ist.<\/em><\/p>\n<h2>Berufsbezeichnung:<\/h2>\n<p>\u00c4rztin<br \/>\n(verliehen durch das Land Deutschland 2006)<br \/>\n\u00c4rztin f\u00fcr Frauenheilkunde und Geburtshilfe<br \/>\n(verliehen durch die Landes\u00e4rztekammer Baden-W\u00fcrttemberg 2012)<br \/>\nMitglied der Landes\u00e4rztekammer Baden-W\u00fcrttemberg <a href=\"http:\/\/www.aerztekammer-bw.de\">www.aerztekammer-bw.de<\/a><br \/>\n(zum Nachlesen der Berufsordnung klicken Sie bitte hier: <a href=\"https:\/\/praxis-meis.de\/wp-content\/uploads\/2018\/02\/bo-1.pdf\">Berufsordnung<\/a>)<br \/>\nZust\u00e4ndige Aufsichtsbeh\u00f6rde: Kassen\u00e4rztliche Vereinigung Baden-W\u00fcrttemberg <a href=\"http:\/\/www.kvbawue.de\/\">http:\/\/www.kvbawue.de\/<\/a><\/p>\n<h2>Copyright:<\/h2>\n<p>Die Inhalte dieser Website unterliegen dem Schutz des Urheberrechts. Alle Rechte und \u00c4nderungen vorbehalten, alle Angaben ohne Gew\u00e4hr.<\/p>\n<h2>Haftungshinweis:<\/h2>\n<p>Trotz sorgf\u00e4ltiger inhaltlicher Kontrolle \u00fcbernehmen wir keine Haftung f\u00fcr die Inhalte externer Links. F\u00fcr den Inhalt der verlinkten Seiten sind ausschlie\u00dflich deren Betreiber verantwortlich.<\/p>\n","protected":false},"excerpt":{"rendered":"<p>Dr. med. Susanne Meis Fach\u00e4rztin f\u00fcr Frauenheilkunde und Geburtshilfe Bahnhofstra\u00dfe 7 73033 G\u00f6ppingen Telefon: 07161 \/ 72099 Fax: 07161 \/ 72090 E-Mail: kontakt@praxis-meis.de Bitte beachten Sie, dass diese Emailadresse nicht zur \u00dcbermittlung pers\u00f6nlicher und medizinischer Daten gedacht ist. Berufsbezeichnung: \u00c4rztin (verliehen durch das Land Deutschland 2006) \u00c4rztin f\u00fcr Frauenheilkunde und Geburtshilfe (verliehen durch die Landes\u00e4rztekammer &hellip; <a href=\"https:\/\/praxis-meis.de\/?page_id=37\" class=\"more-link\"><span class=\"screen-reader-text\">Impressum<\/span> weiterlesen<\/a><\/p>\n","protected":false},"author":1,"featured_media":0,"parent":0,"menu_order":0,"comment_status":"closed","ping_status":"closed","template":"","meta":{"footnotes":""},"class_list":["post-37","page","type-page","status-publish","hentry"],"_links":{"self":[{"href":"https:\/\/praxis-meis.de\/index.php?rest_route=\/wp\/v2\/pages\/37","targetHints":{"allow":["GET"]}}],"collection":[{"href":"https:\/\/praxis-meis.de\/index.php?rest_route=\/wp\/v2\/pages"}],"about":[{"href":"https:\/\/praxis-meis.de\/index.php?rest_route=\/wp\/v2\/types\/page"}],"author":[{"embeddable":true,"href":"https:\/\/praxis-meis.de\/index.php?rest_route=\/wp\/v2\/users\/1"}],"replies":[{"embeddable":true,"href":"https:\/\/praxis-meis.de\/index.php?rest_route=%2Fwp%2Fv2%2Fcomments&post=37"}],"version-history":[{"count":4,"href":"https:\/\/praxis-meis.de\/index.php?rest_route=\/wp\/v2\/pages\/37\/revisions"}],"predecessor-version":[{"id":95,"href":"https:\/\/praxis-meis.de\/index.php?rest_route=\/wp\/v2\/pages\/37\/revisions\/95"}],"wp:attachment":[{"href":"https:\/\/praxis-meis.de\/index.php?rest_route=%2Fwp%2Fv2%2Fmedia&parent=37"}],"curies":[{"name":"wp","href":"https:\/\/api.w.org\/{rel}","templated":true}]}}