{"id":55,"date":"2018-02-04T09:36:23","date_gmt":"2018-02-04T09:36:23","guid":{"rendered":"http:\/\/praxis-meis.de\/?page_id=55"},"modified":"2026-03-24T07:37:09","modified_gmt":"2026-03-24T06:37:09","slug":"aktuelles-2","status":"publish","type":"page","link":"https:\/\/praxis-meis.de\/?page_id=55","title":{"rendered":"Aktuelles"},"content":{"rendered":"\n<p style=\"font-size:1px\"><strong>Bitte beachten Sie unere ge\u00e4nderten \u00d6ffnungszeiten vom 21.12.-30.12.<\/strong><\/p>\n\n\n\n<h2 class=\"wp-block-heading\">Die Praxis ist vom 09.04. bis 10.04. geschlossen und in der Folgewoche <mark style=\"background-color:rgba(0, 0, 0, 0)\" class=\"has-inline-color has-medium-pink-color\">vom 13.-17.04.<\/mark> <mark style=\"background-color:rgba(0, 0, 0, 0)\" class=\"has-inline-color has-medium-pink-color\">nur vormittags<\/mark> ge\u00f6ffnet<\/h2>\n\n\n\n<pre class=\"wp-block-preformatted has-light-blue-background-color has-background\" style=\"font-size:24px\">Unsere Vertretung f\u00fcr Notf\u00e4lle:<br><br>Praxis Dr.Sommer<br>Stuttgarter Stra\u00dfe 14<br>73054 Eislingen<br>Tel.: 07161 - 815112<br><br>Praxis Dr.Esslinger<br>Rosenplatz 1<br>73033 G\u00f6ppingen <br>Tel. 07161 - 27150 <br><br><\/pre>\n\n\n\n<h3 class=\"wp-block-heading\" id=\"bitte-beachten-sie-dass-aufgrund-des-zunehmenden-infektionsgeschehens-und-des-geanderten-infektionsschutzgesetzes-keine-begleitpersonen-auch-im-rahmen-der-schwangerschaft-zulassig-sind\">Vorinformation: Die Praxis ist am 15.5. geschlossen, n\u00e4chster Praxisurlaub vom 03.06.-16.6. <\/h3>\n\n\n\n<p class=\"has-medium-font-size\">Aufgrund des hohen Patientenaufkommens bitten wir alle Notfallpatientinnen &#8211; auch aus Vertretungspraxen -, sich vor der Vorstellung in der Praxis unbedingt telefonisch anzumelden.<\/p>\n\n\n\n<p><\/p>\n","protected":false},"excerpt":{"rendered":"<p>Bitte beachten Sie unere ge\u00e4nderten \u00d6ffnungszeiten vom 21.12.-30.12. Die Praxis ist vom 09.04. bis 10.04. geschlossen und in der Folgewoche vom 13.-17.04. nur vormittags ge\u00f6ffnet Unsere Vertretung f\u00fcr Notf\u00e4lle:Praxis Dr.SommerStuttgarter Stra\u00dfe 1473054 EislingenTel.: 07161 &#8211; 815112Praxis Dr.EsslingerRosenplatz 173033 G\u00f6ppingen Tel. 07161 &#8211; 27150 Vorinformation: Die Praxis ist am 15.5. geschlossen, n\u00e4chster Praxisurlaub vom 03.06.-16.6. Aufgrund &hellip; <a href=\"https:\/\/praxis-meis.de\/?page_id=55\" class=\"more-link\"><span class=\"screen-reader-text\">Aktuelles<\/span> weiterlesen<\/a><\/p>\n","protected":false},"author":1,"featured_media":0,"parent":0,"menu_order":0,"comment_status":"closed","ping_status":"closed","template":"","meta":{"footnotes":""},"class_list":["post-55","page","type-page","status-publish","hentry"],"_links":{"self":[{"href":"https:\/\/praxis-meis.de\/index.php?rest_route=\/wp\/v2\/pages\/55","targetHints":{"allow":["GET"]}}],"collection":[{"href":"https:\/\/praxis-meis.de\/index.php?rest_route=\/wp\/v2\/pages"}],"about":[{"href":"https:\/\/praxis-meis.de\/index.php?rest_route=\/wp\/v2\/types\/page"}],"author":[{"embeddable":true,"href":"https:\/\/praxis-meis.de\/index.php?rest_route=\/wp\/v2\/users\/1"}],"replies":[{"embeddable":true,"href":"https:\/\/praxis-meis.de\/index.php?rest_route=%2Fwp%2Fv2%2Fcomments&post=55"}],"version-history":[{"count":156,"href":"https:\/\/praxis-meis.de\/index.php?rest_route=\/wp\/v2\/pages\/55\/revisions"}],"predecessor-version":[{"id":454,"href":"https:\/\/praxis-meis.de\/index.php?rest_route=\/wp\/v2\/pages\/55\/revisions\/454"}],"wp:attachment":[{"href":"https:\/\/praxis-meis.de\/index.php?rest_route=%2Fwp%2Fv2%2Fmedia&parent=55"}],"curies":[{"name":"wp","href":"https:\/\/api.w.org\/{rel}","templated":true}]}}